{"id":10929,"date":"2024-10-22T14:40:18","date_gmt":"2024-10-22T18:40:18","guid":{"rendered":"https:\/\/cliniquepraxis.ca\/appel-rendez-vous-en-ligne\/"},"modified":"2025-11-26T12:27:51","modified_gmt":"2025-11-26T17:27:51","slug":"call-or-online-appointment","status":"publish","type":"page","link":"https:\/\/cliniquepraxis.ca\/en\/call-or-online-appointment\/","title":{"rendered":"Call or online appointment"},"content":{"rendered":"\t\t<div data-elementor-type=\"wp-page\" data-elementor-id=\"10929\" class=\"elementor elementor-10929 elementor-5119\" data-elementor-settings=\"{&quot;element_pack_global_tooltip_width&quot;:{&quot;unit&quot;:&quot;px&quot;,&quot;size&quot;:&quot;&quot;,&quot;sizes&quot;:[]},&quot;element_pack_global_tooltip_width_tablet&quot;:{&quot;unit&quot;:&quot;px&quot;,&quot;size&quot;:&quot;&quot;,&quot;sizes&quot;:[]},&quot;element_pack_global_tooltip_width_mobile&quot;:{&quot;unit&quot;:&quot;px&quot;,&quot;size&quot;:&quot;&quot;,&quot;sizes&quot;:[]},&quot;element_pack_global_tooltip_padding&quot;:{&quot;unit&quot;:&quot;px&quot;,&quot;top&quot;:&quot;&quot;,&quot;right&quot;:&quot;&quot;,&quot;bottom&quot;:&quot;&quot;,&quot;left&quot;:&quot;&quot;,&quot;isLinked&quot;:true},&quot;element_pack_global_tooltip_padding_tablet&quot;:{&quot;unit&quot;:&quot;px&quot;,&quot;top&quot;:&quot;&quot;,&quot;right&quot;:&quot;&quot;,&quot;bottom&quot;:&quot;&quot;,&quot;left&quot;:&quot;&quot;,&quot;isLinked&quot;:true},&quot;element_pack_global_tooltip_padding_mobile&quot;:{&quot;unit&quot;:&quot;px&quot;,&quot;top&quot;:&quot;&quot;,&quot;right&quot;:&quot;&quot;,&quot;bottom&quot;:&quot;&quot;,&quot;left&quot;:&quot;&quot;,&quot;isLinked&quot;:true},&quot;element_pack_global_tooltip_border_radius&quot;:{&quot;unit&quot;:&quot;px&quot;,&quot;top&quot;:&quot;&quot;,&quot;right&quot;:&quot;&quot;,&quot;bottom&quot;:&quot;&quot;,&quot;left&quot;:&quot;&quot;,&quot;isLinked&quot;:true},&quot;element_pack_global_tooltip_border_radius_tablet&quot;:{&quot;unit&quot;:&quot;px&quot;,&quot;top&quot;:&quot;&quot;,&quot;right&quot;:&quot;&quot;,&quot;bottom&quot;:&quot;&quot;,&quot;left&quot;:&quot;&quot;,&quot;isLinked&quot;:true},&quot;element_pack_global_tooltip_border_radius_mobile&quot;:{&quot;unit&quot;:&quot;px&quot;,&quot;top&quot;:&quot;&quot;,&quot;right&quot;:&quot;&quot;,&quot;bottom&quot;:&quot;&quot;,&quot;left&quot;:&quot;&quot;,&quot;isLinked&quot;:true}}\" data-elementor-post-type=\"page\">\n\t\t\t\t<div class=\"elementor-element elementor-element-2d9eda01 e-flex e-con-boxed e-con e-parent\" data-id=\"2d9eda01\" data-element_type=\"container\" data-e-type=\"container\" data-settings=\"{&quot;background_background&quot;:&quot;classic&quot;}\">\n\t\t\t\t\t<div class=\"e-con-inner\">\n\t\t<div class=\"elementor-element elementor-element-69bfd9d0 e-flex e-con-boxed e-con e-child\" data-id=\"69bfd9d0\" data-element_type=\"container\" data-e-type=\"container\">\n\t\t\t\t\t<div class=\"e-con-inner\">\n\t\t\t\t<div class=\"elementor-element elementor-element-37320e8 elementor-widget__width-initial elementor-widget elementor-widget-heading\" data-id=\"37320e8\" data-element_type=\"widget\" data-e-type=\"widget\" data-widget_type=\"heading.default\">\n\t\t\t\t<div class=\"elementor-widget-container\">\n\t\t\t\t\t<h5 class=\"elementor-heading-title elementor-size-default\">Online appointment\n<\/h5>\t\t\t\t<\/div>\n\t\t\t\t<\/div>\n\t\t\t\t<div class=\"elementor-element elementor-element-7b69d15a elementor-widget__width-initial elementor-widget elementor-widget-heading\" data-id=\"7b69d15a\" data-element_type=\"widget\" data-e-type=\"widget\" data-widget_type=\"heading.default\">\n\t\t\t\t<div class=\"elementor-widget-container\">\n\t\t\t\t\t<h2 class=\"elementor-heading-title elementor-size-default\">Join the many satisfied patients of Praxis Clinic.\n<\/h2>\t\t\t\t<\/div>\n\t\t\t\t<\/div>\n\t\t\t\t<div class=\"elementor-element elementor-element-969a17e elementor-widget elementor-widget-text-editor\" data-id=\"969a17e\" data-element_type=\"widget\" data-e-type=\"widget\" data-widget_type=\"text-editor.default\">\n\t\t\t\t<div class=\"elementor-widget-container\">\n\t\t\t\t\t\t\t\t\t<p>Schedule a consultation with one of our experts today to address your specific health needs.<\/p>\t\t\t\t\t\t\t\t<\/div>\n\t\t\t\t<\/div>\n\t\t<div class=\"elementor-element elementor-element-55f75a91 e-flex e-con-boxed e-con e-child\" data-id=\"55f75a91\" data-element_type=\"container\" data-e-type=\"container\">\n\t\t\t\t\t<div class=\"e-con-inner\">\n\t\t\t\t<div class=\"elementor-element elementor-element-a2356b8 elementor-widget elementor-widget-button\" data-id=\"a2356b8\" data-element_type=\"widget\" data-e-type=\"widget\" data-widget_type=\"button.default\">\n\t\t\t\t<div class=\"elementor-widget-container\">\n\t\t\t\t\t\t\t\t\t<div class=\"elementor-button-wrapper\">\n\t\t\t\t\t<a class=\"elementor-button elementor-button-link elementor-size-sm\" href=\"tel:18333125050\">\n\t\t\t\t\t\t<span class=\"elementor-button-content-wrapper\">\n\t\t\t\t\t\t\t\t\t<span class=\"elementor-button-text\">1 (833) 312-5050<\/span>\n\t\t\t\t\t<\/span>\n\t\t\t\t\t<\/a>\n\t\t\t\t<\/div>\n\t\t\t\t\t\t\t\t<\/div>\n\t\t\t\t<\/div>\n\t\t\t\t<div class=\"elementor-element elementor-element-7e20ef2 elementor-widget elementor-widget-button\" data-id=\"7e20ef2\" data-element_type=\"widget\" data-e-type=\"widget\" data-widget_type=\"button.default\">\n\t\t\t\t<div class=\"elementor-widget-container\">\n\t\t\t\t\t\t\t\t\t<div class=\"elementor-button-wrapper\">\n\t\t\t\t\t<a class=\"elementor-button elementor-button-link elementor-size-sm\" href=\"\/en\/appointment-redirect\/\">\n\t\t\t\t\t\t<span class=\"elementor-button-content-wrapper\">\n\t\t\t\t\t\t\t\t\t<span class=\"elementor-button-text\">Book an online appointment<\/span>\n\t\t\t\t\t<\/span>\n\t\t\t\t\t<\/a>\n\t\t\t\t<\/div>\n\t\t\t\t\t\t\t\t<\/div>\n\t\t\t\t<\/div>\n\t\t\t\t\t<\/div>\n\t\t\t\t<\/div>\n\t\t\t\t\t<\/div>\n\t\t\t\t<\/div>\n\t\t\t\t\t<\/div>\n\t\t\t\t<\/div>\n\t\t\t\t<\/div>\n\t\t","protected":false},"excerpt":{"rendered":"<p>Online appointment Join the many satisfied patients of Praxis Clinic. Schedule a consultation with one of our experts today to address your [&hellip;]<\/p>\n","protected":false},"author":6,"featured_media":9037,"parent":0,"menu_order":0,"comment_status":"closed","ping_status":"closed","template":"","meta":{"_eb_attr":"","footnotes":""},"class_list":["post-10929","page","type-page","status-publish","has-post-thumbnail","hentry"],"yoast_head":"<!-- This site is optimized with the Yoast SEO plugin v27.4 - https:\/\/yoast.com\/product\/yoast-seo-wordpress\/ -->\n<title>Book an appointment | Praxis Clinic - Private family health clinic<\/title>\n<meta name=\"description\" content=\"Book an online appointment with Praxis Clinic for fast and accessible care. Enjoy subscription-free service with prompt follow-ups.\" \/>\n<meta name=\"robots\" content=\"index, follow, max-snippet:-1, max-image-preview:large, max-video-preview:-1, noarchive\" \/>\n<link rel=\"canonical\" href=\"https:\/\/cliniquepraxis.ca\/en\/call-or-online-appointment\/\" \/>\n<meta property=\"og:locale\" content=\"en_US\" \/>\n<meta property=\"og:type\" content=\"article\" \/>\n<meta property=\"og:title\" content=\"Book an appointment | Praxis Clinic - Private family health clinic\" \/>\n<meta property=\"og:description\" content=\"Book an online appointment with Praxis Clinic for fast and accessible care. Enjoy subscription-free service with prompt follow-ups.\" \/>\n<meta property=\"og:url\" content=\"https:\/\/cliniquepraxis.ca\/en\/call-or-online-appointment\/\" \/>\n<meta property=\"og:site_name\" content=\"Praxis\" \/>\n<meta property=\"article:publisher\" content=\"https:\/\/www.facebook.com\/praxis.clinique\/\" \/>\n<meta property=\"article:modified_time\" content=\"2025-11-26T17:27:51+00:00\" \/>\n<meta property=\"og:image\" content=\"https:\/\/cliniquepraxis.ca\/wp-content\/uploads\/2024\/12\/P1011346-scaled.avif\" \/>\n\t<meta property=\"og:image:width\" content=\"2560\" \/>\n\t<meta property=\"og:image:height\" content=\"1051\" \/>\n\t<meta property=\"og:image:type\" content=\"image\/jpeg\" \/>\n<meta name=\"twitter:card\" content=\"summary_large_image\" \/>\n<meta name=\"twitter:label1\" content=\"Est. reading time\" \/>\n\t<meta name=\"twitter:data1\" content=\"1 minute\" \/>\n<!-- \/ Yoast SEO plugin. -->","yoast_head_json":{"title":"Book an appointment | Praxis Clinic - Private family health clinic","description":"Book an online appointment with Praxis Clinic for fast and accessible care. Enjoy subscription-free service with prompt follow-ups.","robots":{"index":"index","follow":"follow","max-snippet":"max-snippet:-1","max-image-preview":"max-image-preview:large","max-video-preview":"max-video-preview:-1","archive":"noarchive"},"canonical":"https:\/\/cliniquepraxis.ca\/en\/call-or-online-appointment\/","og_locale":"en_US","og_type":"article","og_title":"Book an appointment | Praxis Clinic - Private family health clinic","og_description":"Book an online appointment with Praxis Clinic for fast and accessible care. Enjoy subscription-free service with prompt follow-ups.","og_url":"https:\/\/cliniquepraxis.ca\/en\/call-or-online-appointment\/","og_site_name":"Praxis","article_publisher":"https:\/\/www.facebook.com\/praxis.clinique\/","article_modified_time":"2025-11-26T17:27:51+00:00","og_image":[{"width":2560,"height":1051,"url":"https:\/\/cliniquepraxis.ca\/wp-content\/uploads\/2024\/12\/P1011346-scaled.avif","type":"image\/jpeg"}],"twitter_card":"summary_large_image","twitter_misc":{"Est. reading time":"1 minute"},"schema":{"@context":"https:\/\/schema.org","@graph":[{"@type":"WebPage","@id":"https:\/\/cliniquepraxis.ca\/en\/call-or-online-appointment\/","url":"https:\/\/cliniquepraxis.ca\/en\/call-or-online-appointment\/","name":"Book an appointment | Praxis Clinic - Private family health clinic","isPartOf":{"@id":"https:\/\/cliniquepraxis.ca\/en\/#website"},"primaryImageOfPage":{"@id":"https:\/\/cliniquepraxis.ca\/en\/call-or-online-appointment\/#primaryimage"},"image":{"@id":"https:\/\/cliniquepraxis.ca\/en\/call-or-online-appointment\/#primaryimage"},"thumbnailUrl":"https:\/\/cliniquepraxis.ca\/wp-content\/uploads\/2024\/12\/P1011346-scaled.avif","datePublished":"2024-10-22T18:40:18+00:00","dateModified":"2025-11-26T17:27:51+00:00","description":"Book an online appointment with Praxis Clinic for fast and accessible care. Enjoy subscription-free service with prompt follow-ups.","breadcrumb":{"@id":"https:\/\/cliniquepraxis.ca\/en\/call-or-online-appointment\/#breadcrumb"},"inLanguage":"en-US","potentialAction":[{"@type":"ReadAction","target":["https:\/\/cliniquepraxis.ca\/en\/call-or-online-appointment\/"]}]},{"@type":"ImageObject","inLanguage":"en-US","@id":"https:\/\/cliniquepraxis.ca\/en\/call-or-online-appointment\/#primaryimage","url":"https:\/\/cliniquepraxis.ca\/wp-content\/uploads\/2024\/12\/P1011346-scaled.avif","contentUrl":"https:\/\/cliniquepraxis.ca\/wp-content\/uploads\/2024\/12\/P1011346-scaled.avif","width":2560,"height":1051},{"@type":"BreadcrumbList","@id":"https:\/\/cliniquepraxis.ca\/en\/call-or-online-appointment\/#breadcrumb","itemListElement":[{"@type":"ListItem","position":1,"name":"Accueil","item":"https:\/\/cliniquepraxis.ca\/en\/"},{"@type":"ListItem","position":2,"name":"Call or online appointment"}]},{"@type":"WebSite","@id":"https:\/\/cliniquepraxis.ca\/en\/#website","url":"https:\/\/cliniquepraxis.ca\/en\/","name":"Clinique priv\u00e9e PRAXIS","description":"Clinique de sant\u00e9 familiale priv\u00e9e","publisher":{"@id":"https:\/\/cliniquepraxis.ca\/en\/#organization"},"potentialAction":[{"@type":"SearchAction","target":{"@type":"EntryPoint","urlTemplate":"https:\/\/cliniquepraxis.ca\/en\/?s={search_term_string}"},"query-input":{"@type":"PropertyValueSpecification","valueRequired":true,"valueName":"search_term_string"}}],"inLanguage":"en-US"},{"@type":"Organization","@id":"https:\/\/cliniquepraxis.ca\/en\/#organization","name":"Clinique priv\u00e9e PRAXIS","url":"https:\/\/cliniquepraxis.ca\/en\/","logo":{"@type":"ImageObject","inLanguage":"en-US","@id":"https:\/\/cliniquepraxis.ca\/en\/#\/schema\/logo\/image\/","url":"https:\/\/cliniquepraxis.ca\/wp-content\/uploads\/2024\/11\/Icon_Clinique_2-png.avif","contentUrl":"https:\/\/cliniquepraxis.ca\/wp-content\/uploads\/2024\/11\/Icon_Clinique_2-png.avif","width":1080,"height":1080,"caption":"Clinique priv\u00e9e PRAXIS"},"image":{"@id":"https:\/\/cliniquepraxis.ca\/en\/#\/schema\/logo\/image\/"},"sameAs":["https:\/\/www.facebook.com\/praxis.clinique\/","https:\/\/www.instagram.com\/praxis_clinique\/","https:\/\/www.linkedin.com\/company\/praxis-cliniquedesantefamiliale\/"]}]}},"_links":{"self":[{"href":"https:\/\/cliniquepraxis.ca\/en\/wp-json\/wp\/v2\/pages\/10929","targetHints":{"allow":["GET"]}}],"collection":[{"href":"https:\/\/cliniquepraxis.ca\/en\/wp-json\/wp\/v2\/pages"}],"about":[{"href":"https:\/\/cliniquepraxis.ca\/en\/wp-json\/wp\/v2\/types\/page"}],"author":[{"embeddable":true,"href":"https:\/\/cliniquepraxis.ca\/en\/wp-json\/wp\/v2\/users\/6"}],"replies":[{"embeddable":true,"href":"https:\/\/cliniquepraxis.ca\/en\/wp-json\/wp\/v2\/comments?post=10929"}],"version-history":[{"count":0,"href":"https:\/\/cliniquepraxis.ca\/en\/wp-json\/wp\/v2\/pages\/10929\/revisions"}],"wp:featuredmedia":[{"embeddable":true,"href":"https:\/\/cliniquepraxis.ca\/en\/wp-json\/wp\/v2\/media\/9037"}],"wp:attachment":[{"href":"https:\/\/cliniquepraxis.ca\/en\/wp-json\/wp\/v2\/media?parent=10929"}],"curies":[{"name":"wp","href":"https:\/\/api.w.org\/{rel}","templated":true}]}}