{"id":11696,"date":"2024-09-27T10:54:35","date_gmt":"2024-09-27T14:54:35","guid":{"rendered":"https:\/\/cliniquepraxis.ca\/specialites-therapeutiques\/"},"modified":"2025-05-29T16:15:29","modified_gmt":"2025-05-29T20:15:29","slug":"therapeutic-specialties","status":"publish","type":"page","link":"https:\/\/cliniquepraxis.ca\/en\/therapeutic-specialties\/","title":{"rendered":"Therapeutic specialties"},"content":{"rendered":"\t\t<div data-elementor-type=\"wp-page\" data-elementor-id=\"11696\" class=\"elementor elementor-11696 elementor-3773\" data-elementor-settings=\"{&quot;element_pack_global_tooltip_width&quot;:{&quot;unit&quot;:&quot;px&quot;,&quot;size&quot;:&quot;&quot;,&quot;sizes&quot;:[]},&quot;element_pack_global_tooltip_width_tablet&quot;:{&quot;unit&quot;:&quot;px&quot;,&quot;size&quot;:&quot;&quot;,&quot;sizes&quot;:[]},&quot;element_pack_global_tooltip_width_mobile&quot;:{&quot;unit&quot;:&quot;px&quot;,&quot;size&quot;:&quot;&quot;,&quot;sizes&quot;:[]},&quot;element_pack_global_tooltip_padding&quot;:{&quot;unit&quot;:&quot;px&quot;,&quot;top&quot;:&quot;&quot;,&quot;right&quot;:&quot;&quot;,&quot;bottom&quot;:&quot;&quot;,&quot;left&quot;:&quot;&quot;,&quot;isLinked&quot;:true},&quot;element_pack_global_tooltip_padding_tablet&quot;:{&quot;unit&quot;:&quot;px&quot;,&quot;top&quot;:&quot;&quot;,&quot;right&quot;:&quot;&quot;,&quot;bottom&quot;:&quot;&quot;,&quot;left&quot;:&quot;&quot;,&quot;isLinked&quot;:true},&quot;element_pack_global_tooltip_padding_mobile&quot;:{&quot;unit&quot;:&quot;px&quot;,&quot;top&quot;:&quot;&quot;,&quot;right&quot;:&quot;&quot;,&quot;bottom&quot;:&quot;&quot;,&quot;left&quot;:&quot;&quot;,&quot;isLinked&quot;:true},&quot;element_pack_global_tooltip_border_radius&quot;:{&quot;unit&quot;:&quot;px&quot;,&quot;top&quot;:&quot;&quot;,&quot;right&quot;:&quot;&quot;,&quot;bottom&quot;:&quot;&quot;,&quot;left&quot;:&quot;&quot;,&quot;isLinked&quot;:true},&quot;element_pack_global_tooltip_border_radius_tablet&quot;:{&quot;unit&quot;:&quot;px&quot;,&quot;top&quot;:&quot;&quot;,&quot;right&quot;:&quot;&quot;,&quot;bottom&quot;:&quot;&quot;,&quot;left&quot;:&quot;&quot;,&quot;isLinked&quot;:true},&quot;element_pack_global_tooltip_border_radius_mobile&quot;:{&quot;unit&quot;:&quot;px&quot;,&quot;top&quot;:&quot;&quot;,&quot;right&quot;:&quot;&quot;,&quot;bottom&quot;:&quot;&quot;,&quot;left&quot;:&quot;&quot;,&quot;isLinked&quot;:true}}\" data-elementor-post-type=\"page\">\n\t\t\t\t<div class=\"elementor-element elementor-element-6732d712 links-custom-color e-flex e-con-boxed e-con e-parent\" data-id=\"6732d712\" data-element_type=\"container\" data-e-type=\"container\" id=\"services\" data-settings=\"{&quot;uicore_onscroll_effect&quot;:&quot;sticky-scale-blur&quot;}\">\n\t\t\t\t\t<div class=\"e-con-inner\">\n\t\t<div class=\"elementor-element elementor-element-342b06b9 e-flex e-con-boxed elementor-invisible e-con e-child\" data-id=\"342b06b9\" data-element_type=\"container\" data-e-type=\"container\" data-settings=\"{&quot;background_background&quot;:&quot;classic&quot;,&quot;animation&quot;:&quot;fadeInUp&quot;,&quot;animation_delay&quot;:&quot;160&quot;}\">\n\t\t\t\t\t<div class=\"e-con-inner\">\n\t\t<div class=\"elementor-element elementor-element-bc870d0 e-con-full e-flex e-con e-child\" data-id=\"bc870d0\" data-element_type=\"container\" data-e-type=\"container\">\n\t\t\t\t<div class=\"elementor-element elementor-element-1b5378a elementor-widget elementor-widget-heading\" data-id=\"1b5378a\" data-element_type=\"widget\" data-e-type=\"widget\" data-widget_type=\"heading.default\">\n\t\t\t\t<div class=\"elementor-widget-container\">\n\t\t\t\t\t<h6 class=\"elementor-heading-title elementor-size-default\">Services offered\n<\/h6>\t\t\t\t<\/div>\n\t\t\t\t<\/div>\n\t\t\t\t<div class=\"elementor-element elementor-element-a1bad80 elementor-widget__width-inherit elementor-widget elementor-widget-heading\" data-id=\"a1bad80\" data-element_type=\"widget\" data-e-type=\"widget\" data-widget_type=\"heading.default\">\n\t\t\t\t<div class=\"elementor-widget-container\">\n\t\t\t\t\t<h2 class=\"elementor-heading-title elementor-size-default\">Specialties\n<\/h2>\t\t\t\t<\/div>\n\t\t\t\t<\/div>\n\t\t\t\t<div class=\"elementor-element elementor-element-9a423a5 elementor-widget__width-inherit ui-e-icon-left ui-e-left elementor-align-left elementor-widget elementor-widget-uicore-icon-list\" data-id=\"9a423a5\" data-element_type=\"widget\" data-e-type=\"widget\" data-widget_type=\"uicore-icon-list.default\">\n\t\t\t\t<div class=\"elementor-widget-container\">\n\t\t\t\t\t        <ul>\n                            <li >\n\n                    <div class=\"ui-e-wrap\">\n                    \n                    \n                    <div class=\"ui-e-content\">\n                        <span class=\"ui-e-title\">\n                            Therapeutic specialties                        <\/span>\n                        <p class=\"ui-e-text\">  <\/p>\n                    <\/div>\n\n                                            <div class=\"ui-e-icon\">\n                            <i aria-hidden=\"true\" class=\"fas fa-user-plus\"><\/i>                        <\/div>\n                    \n                    <\/div>\n                <\/li>\n                    <\/ul>\n\t\t\t\t<\/div>\n\t\t\t\t<\/div>\n\t\t\t\t<div class=\"elementor-element elementor-element-dd04fec elementor-widget elementor-widget-heading\" data-id=\"dd04fec\" data-element_type=\"widget\" data-e-type=\"widget\" data-widget_type=\"heading.default\">\n\t\t\t\t<div class=\"elementor-widget-container\">\n\t\t\t\t\t<p class=\"elementor-heading-title elementor-size-default\"><a href=\"\/en\/chiropractic\/\">Chiropractic<\/a><\/p>\t\t\t\t<\/div>\n\t\t\t\t<\/div>\n\t\t\t\t<div class=\"elementor-element elementor-element-c8bdc3d elementor-widget elementor-widget-heading\" data-id=\"c8bdc3d\" data-element_type=\"widget\" data-e-type=\"widget\" data-widget_type=\"heading.default\">\n\t\t\t\t<div class=\"elementor-widget-container\">\n\t\t\t\t\t<p class=\"elementor-heading-title elementor-size-default\"><a href=\"\/en\/osteopathy\/\">Osteopathy<\/a><\/p>\t\t\t\t<\/div>\n\t\t\t\t<\/div>\n\t\t\t\t<div class=\"elementor-element elementor-element-fa1624f elementor-widget elementor-widget-heading\" data-id=\"fa1624f\" data-element_type=\"widget\" data-e-type=\"widget\" data-widget_type=\"heading.default\">\n\t\t\t\t<div class=\"elementor-widget-container\">\n\t\t\t\t\t<p class=\"elementor-heading-title elementor-size-default\"><a href=\"\/en\/massotherapy\/\">Massotherapy<\/a><\/p>\t\t\t\t<\/div>\n\t\t\t\t<\/div>\n\t\t\t\t<div class=\"elementor-element elementor-element-f9367c8 elementor-widget elementor-widget-heading\" data-id=\"f9367c8\" data-element_type=\"widget\" data-e-type=\"widget\" data-widget_type=\"heading.default\">\n\t\t\t\t<div class=\"elementor-widget-container\">\n\t\t\t\t\t<p class=\"elementor-heading-title elementor-size-default\"><a href=\"\/en\/kinesiology\/\">Kinesiology<\/a><\/p>\t\t\t\t<\/div>\n\t\t\t\t<\/div>\n\t\t\t\t<div class=\"elementor-element elementor-element-9c82795 elementor-widget elementor-widget-heading\" data-id=\"9c82795\" data-element_type=\"widget\" data-e-type=\"widget\" data-widget_type=\"heading.default\">\n\t\t\t\t<div class=\"elementor-widget-container\">\n\t\t\t\t\t<p class=\"elementor-heading-title elementor-size-default\"><a href=\"\/en\/nutritionist\/\">Nutritionist<\/a><\/p>\t\t\t\t<\/div>\n\t\t\t\t<\/div>\n\t\t\t\t<div class=\"elementor-element elementor-element-91588ec elementor-widget elementor-widget-heading\" data-id=\"91588ec\" data-element_type=\"widget\" data-e-type=\"widget\" data-widget_type=\"heading.default\">\n\t\t\t\t<div class=\"elementor-widget-container\">\n\t\t\t\t\t<p class=\"elementor-heading-title elementor-size-default\"><a href=\"\/en\/access-bars\/\">Access bars<\/a><\/p>\t\t\t\t<\/div>\n\t\t\t\t<\/div>\n\t\t\t\t<\/div>\n\t\t\t\t\t<\/div>\n\t\t\t\t<\/div>\n\t\t\t\t\t<\/div>\n\t\t\t\t<\/div>\n\t\t\t\t<\/div>\n\t\t","protected":false},"excerpt":{"rendered":"<p>Services offered Specialties Therapeutic specialties Chiropractic Osteopathy Massotherapy Kinesiology Nutritionist Access bars<\/p>\n","protected":false},"author":3,"featured_media":9037,"parent":0,"menu_order":0,"comment_status":"closed","ping_status":"closed","template":"","meta":{"_eb_attr":"","footnotes":""},"class_list":["post-11696","page","type-page","status-publish","has-post-thumbnail","hentry"],"yoast_head":"<!-- This site is optimized with the Yoast SEO plugin v27.4 - https:\/\/yoast.com\/product\/yoast-seo-wordpress\/ -->\n<title>Therapeutic specialties | Praxis Clinic - Private family health clinic<\/title>\n<meta name=\"description\" content=\"Comprehensive therapeutic specialties at Clinique Praxis. Access personalized care with no annual fees to enhance your well-being and quality of life.\" \/>\n<meta name=\"robots\" content=\"index, follow, max-snippet:-1, max-image-preview:large, max-video-preview:-1, noarchive\" \/>\n<link rel=\"canonical\" href=\"https:\/\/cliniquepraxis.ca\/en\/therapeutic-specialties\/\" \/>\n<meta property=\"og:locale\" content=\"en_US\" \/>\n<meta property=\"og:type\" content=\"article\" \/>\n<meta property=\"og:title\" content=\"Therapeutic specialties | Praxis Clinic - Private family health clinic\" \/>\n<meta property=\"og:description\" content=\"Comprehensive therapeutic specialties at Clinique Praxis. Access personalized care with no annual fees to enhance your well-being and quality of life.\" \/>\n<meta property=\"og:url\" content=\"https:\/\/cliniquepraxis.ca\/en\/therapeutic-specialties\/\" \/>\n<meta property=\"og:site_name\" content=\"Praxis\" \/>\n<meta property=\"article:publisher\" content=\"https:\/\/www.facebook.com\/praxis.clinique\/\" \/>\n<meta property=\"article:modified_time\" content=\"2025-05-29T20:15:29+00:00\" \/>\n<meta property=\"og:image\" content=\"https:\/\/cliniquepraxis.ca\/wp-content\/uploads\/2024\/12\/P1011346-scaled.avif\" \/>\n\t<meta property=\"og:image:width\" content=\"2560\" \/>\n\t<meta property=\"og:image:height\" content=\"1051\" \/>\n\t<meta property=\"og:image:type\" content=\"image\/jpeg\" \/>\n<meta name=\"twitter:card\" content=\"summary_large_image\" \/>\n<meta name=\"twitter:label1\" content=\"Est. reading time\" \/>\n\t<meta name=\"twitter:data1\" content=\"1 minute\" \/>\n<!-- \/ Yoast SEO plugin. -->","yoast_head_json":{"title":"Therapeutic specialties | Praxis Clinic - Private family health clinic","description":"Comprehensive therapeutic specialties at Clinique Praxis. Access personalized care with no annual fees to enhance your well-being and quality of life.","robots":{"index":"index","follow":"follow","max-snippet":"max-snippet:-1","max-image-preview":"max-image-preview:large","max-video-preview":"max-video-preview:-1","archive":"noarchive"},"canonical":"https:\/\/cliniquepraxis.ca\/en\/therapeutic-specialties\/","og_locale":"en_US","og_type":"article","og_title":"Therapeutic specialties | Praxis Clinic - Private family health clinic","og_description":"Comprehensive therapeutic specialties at Clinique Praxis. Access personalized care with no annual fees to enhance your well-being and quality of life.","og_url":"https:\/\/cliniquepraxis.ca\/en\/therapeutic-specialties\/","og_site_name":"Praxis","article_publisher":"https:\/\/www.facebook.com\/praxis.clinique\/","article_modified_time":"2025-05-29T20:15:29+00:00","og_image":[{"width":2560,"height":1051,"url":"https:\/\/cliniquepraxis.ca\/wp-content\/uploads\/2024\/12\/P1011346-scaled.avif","type":"image\/jpeg"}],"twitter_card":"summary_large_image","twitter_misc":{"Est. reading time":"1 minute"},"schema":{"@context":"https:\/\/schema.org","@graph":[{"@type":"WebPage","@id":"https:\/\/cliniquepraxis.ca\/en\/therapeutic-specialties\/","url":"https:\/\/cliniquepraxis.ca\/en\/therapeutic-specialties\/","name":"Therapeutic specialties | Praxis Clinic - Private family health clinic","isPartOf":{"@id":"https:\/\/cliniquepraxis.ca\/en\/#website"},"primaryImageOfPage":{"@id":"https:\/\/cliniquepraxis.ca\/en\/therapeutic-specialties\/#primaryimage"},"image":{"@id":"https:\/\/cliniquepraxis.ca\/en\/therapeutic-specialties\/#primaryimage"},"thumbnailUrl":"https:\/\/cliniquepraxis.ca\/wp-content\/uploads\/2024\/12\/P1011346-scaled.avif","datePublished":"2024-09-27T14:54:35+00:00","dateModified":"2025-05-29T20:15:29+00:00","description":"Comprehensive therapeutic specialties at Clinique Praxis. Access personalized care with no annual fees to enhance your well-being and quality of life.","breadcrumb":{"@id":"https:\/\/cliniquepraxis.ca\/en\/therapeutic-specialties\/#breadcrumb"},"inLanguage":"en-US","potentialAction":[{"@type":"ReadAction","target":["https:\/\/cliniquepraxis.ca\/en\/therapeutic-specialties\/"]}]},{"@type":"ImageObject","inLanguage":"en-US","@id":"https:\/\/cliniquepraxis.ca\/en\/therapeutic-specialties\/#primaryimage","url":"https:\/\/cliniquepraxis.ca\/wp-content\/uploads\/2024\/12\/P1011346-scaled.avif","contentUrl":"https:\/\/cliniquepraxis.ca\/wp-content\/uploads\/2024\/12\/P1011346-scaled.avif","width":2560,"height":1051},{"@type":"BreadcrumbList","@id":"https:\/\/cliniquepraxis.ca\/en\/therapeutic-specialties\/#breadcrumb","itemListElement":[{"@type":"ListItem","position":1,"name":"Accueil","item":"https:\/\/cliniquepraxis.ca\/en\/"},{"@type":"ListItem","position":2,"name":"Therapeutic specialties"}]},{"@type":"WebSite","@id":"https:\/\/cliniquepraxis.ca\/en\/#website","url":"https:\/\/cliniquepraxis.ca\/en\/","name":"Clinique priv\u00e9e PRAXIS","description":"Clinique de sant\u00e9 familiale priv\u00e9e","publisher":{"@id":"https:\/\/cliniquepraxis.ca\/en\/#organization"},"potentialAction":[{"@type":"SearchAction","target":{"@type":"EntryPoint","urlTemplate":"https:\/\/cliniquepraxis.ca\/en\/?s={search_term_string}"},"query-input":{"@type":"PropertyValueSpecification","valueRequired":true,"valueName":"search_term_string"}}],"inLanguage":"en-US"},{"@type":"Organization","@id":"https:\/\/cliniquepraxis.ca\/en\/#organization","name":"Clinique priv\u00e9e PRAXIS","url":"https:\/\/cliniquepraxis.ca\/en\/","logo":{"@type":"ImageObject","inLanguage":"en-US","@id":"https:\/\/cliniquepraxis.ca\/en\/#\/schema\/logo\/image\/","url":"https:\/\/cliniquepraxis.ca\/wp-content\/uploads\/2024\/11\/Icon_Clinique_2-png.avif","contentUrl":"https:\/\/cliniquepraxis.ca\/wp-content\/uploads\/2024\/11\/Icon_Clinique_2-png.avif","width":1080,"height":1080,"caption":"Clinique priv\u00e9e PRAXIS"},"image":{"@id":"https:\/\/cliniquepraxis.ca\/en\/#\/schema\/logo\/image\/"},"sameAs":["https:\/\/www.facebook.com\/praxis.clinique\/","https:\/\/www.instagram.com\/praxis_clinique\/","https:\/\/www.linkedin.com\/company\/praxis-cliniquedesantefamiliale\/"]}]}},"_links":{"self":[{"href":"https:\/\/cliniquepraxis.ca\/en\/wp-json\/wp\/v2\/pages\/11696","targetHints":{"allow":["GET"]}}],"collection":[{"href":"https:\/\/cliniquepraxis.ca\/en\/wp-json\/wp\/v2\/pages"}],"about":[{"href":"https:\/\/cliniquepraxis.ca\/en\/wp-json\/wp\/v2\/types\/page"}],"author":[{"embeddable":true,"href":"https:\/\/cliniquepraxis.ca\/en\/wp-json\/wp\/v2\/users\/3"}],"replies":[{"embeddable":true,"href":"https:\/\/cliniquepraxis.ca\/en\/wp-json\/wp\/v2\/comments?post=11696"}],"version-history":[{"count":0,"href":"https:\/\/cliniquepraxis.ca\/en\/wp-json\/wp\/v2\/pages\/11696\/revisions"}],"wp:featuredmedia":[{"embeddable":true,"href":"https:\/\/cliniquepraxis.ca\/en\/wp-json\/wp\/v2\/media\/9037"}],"wp:attachment":[{"href":"https:\/\/cliniquepraxis.ca\/en\/wp-json\/wp\/v2\/media?parent=11696"}],"curies":[{"name":"wp","href":"https:\/\/api.w.org\/{rel}","templated":true}]}}