{"id":11703,"date":"2024-09-27T10:22:40","date_gmt":"2024-09-27T14:22:40","guid":{"rendered":"https:\/\/cliniquepraxis.ca\/prelevements-examens\/"},"modified":"2025-05-29T16:14:48","modified_gmt":"2025-05-29T20:14:48","slug":"tests-and-examinations","status":"publish","type":"page","link":"https:\/\/cliniquepraxis.ca\/en\/tests-and-examinations\/","title":{"rendered":"Tests, screenings, and vaccinations"},"content":{"rendered":"\t\t<div data-elementor-type=\"wp-page\" data-elementor-id=\"11703\" class=\"elementor elementor-11703 elementor-3763\" data-elementor-settings=\"{&quot;element_pack_global_tooltip_width&quot;:{&quot;unit&quot;:&quot;px&quot;,&quot;size&quot;:&quot;&quot;,&quot;sizes&quot;:[]},&quot;element_pack_global_tooltip_width_tablet&quot;:{&quot;unit&quot;:&quot;px&quot;,&quot;size&quot;:&quot;&quot;,&quot;sizes&quot;:[]},&quot;element_pack_global_tooltip_width_mobile&quot;:{&quot;unit&quot;:&quot;px&quot;,&quot;size&quot;:&quot;&quot;,&quot;sizes&quot;:[]},&quot;element_pack_global_tooltip_padding&quot;:{&quot;unit&quot;:&quot;px&quot;,&quot;top&quot;:&quot;&quot;,&quot;right&quot;:&quot;&quot;,&quot;bottom&quot;:&quot;&quot;,&quot;left&quot;:&quot;&quot;,&quot;isLinked&quot;:true},&quot;element_pack_global_tooltip_padding_tablet&quot;:{&quot;unit&quot;:&quot;px&quot;,&quot;top&quot;:&quot;&quot;,&quot;right&quot;:&quot;&quot;,&quot;bottom&quot;:&quot;&quot;,&quot;left&quot;:&quot;&quot;,&quot;isLinked&quot;:true},&quot;element_pack_global_tooltip_padding_mobile&quot;:{&quot;unit&quot;:&quot;px&quot;,&quot;top&quot;:&quot;&quot;,&quot;right&quot;:&quot;&quot;,&quot;bottom&quot;:&quot;&quot;,&quot;left&quot;:&quot;&quot;,&quot;isLinked&quot;:true},&quot;element_pack_global_tooltip_border_radius&quot;:{&quot;unit&quot;:&quot;px&quot;,&quot;top&quot;:&quot;&quot;,&quot;right&quot;:&quot;&quot;,&quot;bottom&quot;:&quot;&quot;,&quot;left&quot;:&quot;&quot;,&quot;isLinked&quot;:true},&quot;element_pack_global_tooltip_border_radius_tablet&quot;:{&quot;unit&quot;:&quot;px&quot;,&quot;top&quot;:&quot;&quot;,&quot;right&quot;:&quot;&quot;,&quot;bottom&quot;:&quot;&quot;,&quot;left&quot;:&quot;&quot;,&quot;isLinked&quot;:true},&quot;element_pack_global_tooltip_border_radius_mobile&quot;:{&quot;unit&quot;:&quot;px&quot;,&quot;top&quot;:&quot;&quot;,&quot;right&quot;:&quot;&quot;,&quot;bottom&quot;:&quot;&quot;,&quot;left&quot;:&quot;&quot;,&quot;isLinked&quot;:true}}\" data-elementor-post-type=\"page\">\n\t\t\t\t<div class=\"elementor-element elementor-element-6732d712 links-custom-color e-flex e-con-boxed e-con e-parent\" data-id=\"6732d712\" data-element_type=\"container\" data-e-type=\"container\" id=\"services\" data-settings=\"{&quot;uicore_onscroll_effect&quot;:&quot;sticky-scale-blur&quot;}\">\n\t\t\t\t\t<div class=\"e-con-inner\">\n\t\t<div class=\"elementor-element elementor-element-342b06b9 e-flex e-con-boxed elementor-invisible e-con e-child\" data-id=\"342b06b9\" data-element_type=\"container\" data-e-type=\"container\" data-settings=\"{&quot;background_background&quot;:&quot;classic&quot;,&quot;animation&quot;:&quot;fadeInUp&quot;,&quot;animation_delay&quot;:&quot;160&quot;}\">\n\t\t\t\t\t<div class=\"e-con-inner\">\n\t\t<div class=\"elementor-element elementor-element-bc870d0 e-con-full e-flex e-con e-child\" data-id=\"bc870d0\" data-element_type=\"container\" data-e-type=\"container\">\n\t\t\t\t<div class=\"elementor-element elementor-element-1b5378a elementor-widget elementor-widget-heading\" data-id=\"1b5378a\" data-element_type=\"widget\" data-e-type=\"widget\" data-widget_type=\"heading.default\">\n\t\t\t\t<div class=\"elementor-widget-container\">\n\t\t\t\t\t<h6 class=\"elementor-heading-title elementor-size-default\">Services offered\n<\/h6>\t\t\t\t<\/div>\n\t\t\t\t<\/div>\n\t\t\t\t<div class=\"elementor-element elementor-element-a1bad80 elementor-widget__width-inherit elementor-widget elementor-widget-heading\" data-id=\"a1bad80\" data-element_type=\"widget\" data-e-type=\"widget\" data-widget_type=\"heading.default\">\n\t\t\t\t<div class=\"elementor-widget-container\">\n\t\t\t\t\t<h2 class=\"elementor-heading-title elementor-size-default\">Tests, exams, and vaccinations\n<\/h2>\t\t\t\t<\/div>\n\t\t\t\t<\/div>\n\t\t\t\t<div class=\"elementor-element elementor-element-a5aa2de elementor-widget__width-inherit ui-e-icon-left ui-e-left elementor-align-left elementor-widget elementor-widget-uicore-icon-list\" data-id=\"a5aa2de\" data-element_type=\"widget\" data-e-type=\"widget\" data-widget_type=\"uicore-icon-list.default\">\n\t\t\t\t<div class=\"elementor-widget-container\">\n\t\t\t\t\t        <ul>\n                            <li >\n\n                    <div class=\"ui-e-wrap\">\n                    \n                    \n                    <div class=\"ui-e-content\">\n                        <span class=\"ui-e-title\">\n                            Tests, exams, and vaccinations                        <\/span>\n                        <p class=\"ui-e-text\">  <\/p>\n                    <\/div>\n\n                                            <div class=\"ui-e-icon\">\n                            <svg xmlns=\"http:\/\/www.w3.org\/2000\/svg\" id=\"Layer_2\" viewBox=\"0 0 512 512\"><defs><style>      .cls-1 {        fill: #fff;      }    <\/style><\/defs><g id=\"Layer_1-2\" data-name=\"Layer_1\"><path class=\"cls-1\" d=\"M87.83,512H0C0,341.33,0,170.67,0,0c170.67,0,341.33,0,512,0v512c-139.39,0-278.79,0-418.18,0,5.33-1.09,10.73-1.95,15.99-3.33,19.7-5.15,35.15-16.26,45.62-33.79,7.82-13.09,15.13-26.48,22.79-39.68,14.75-25.43,29.62-50.79,44.36-76.22,17.24-29.74,34.39-59.53,51.57-89.31,20.25-35.11,40.48-70.23,60.75-105.34,4.46-7.72,9-15.39,13.79-23.58,6.48,3.75,12.34,7.14,18.21,10.53,5.28,3.05,6.73,2.89,9.68-2.14,8.39-14.33,16.55-28.81,24.92-43.15,2.42-4.15,1.23-6.7-2.66-8.92-12.42-7.06-24.77-14.23-37.14-21.37-30.21-17.45-60.43-34.9-90.62-52.37-11.65-6.74-23.21-13.61-34.89-20.29-7.39-4.23-14.53-2.25-18.62,4.86-6.88,11.95-13.8,23.88-20.64,35.85-3.37,5.89-2.94,7.37,2.78,10.73,5.82,3.42,11.64,6.83,17.69,10.37-1.21,2.27-2.01,3.9-2.91,5.46-34.8,60.26-69.62,120.5-104.4,180.77-28.31,49.06-56.57,98.15-84.9,147.2-5.5,9.52-8.6,19.82-9.62,30.64-3.2,33.97,17.94,66.82,50.17,77.78,7.14,2.43,14.73,3.56,22.11,5.29Z\"><\/path><path class=\"cls-1\" d=\"M456.41,126.81c-7.96,11.64-15.82,22.14-22.61,33.3-10.01,16.45-17.52,33.88-17.28,53.76.28,23.53,17.07,40.24,40.78,40.32,23,.07,40.09-17.14,40.33-40.39.15-15.01-4.46-28.73-10.94-41.95-7.77-15.86-17.59-30.36-30.26-45.03Z\"><\/path><path d=\"M87.83,512c-7.38-1.73-14.97-2.86-22.11-5.29-32.23-10.96-53.37-43.81-50.17-77.78,1.02-10.82,4.12-21.12,9.62-30.64,28.33-49.05,56.58-98.14,84.9-147.2,34.78-60.27,69.61-120.51,104.4-180.77.9-1.57,1.7-3.19,2.91-5.46-6.04-3.54-11.87-6.95-17.69-10.37-5.72-3.37-6.15-4.84-2.78-10.73,6.84-11.97,13.76-23.9,20.64-35.85,4.09-7.11,11.23-9.08,18.62-4.86,11.68,6.68,23.25,13.55,34.89,20.29,30.2,17.47,60.41,34.92,90.62,52.37,12.37,7.14,24.72,14.32,37.14,21.37,3.89,2.21,5.09,4.77,2.66,8.92-8.38,14.34-16.53,28.81-24.92,43.15-2.95,5.04-4.4,5.19-9.68,2.14-5.87-3.39-11.73-6.78-18.21-10.53-4.79,8.18-9.34,15.86-13.79,23.58-20.26,35.1-40.49,70.23-60.75,105.34-17.18,29.78-34.33,59.57-51.57,89.31-14.74,25.43-29.61,50.79-44.36,76.22-7.65,13.19-14.97,26.59-22.79,39.68-10.47,17.53-25.92,28.64-45.62,33.79-5.26,1.38-10.66,2.23-15.99,3.33h-5.99ZM242.48,281.91c29.31-50.74,58.34-100.98,87.54-151.52-2.29-1.53-4-2.81-5.83-3.88-7.89-4.6-15.84-9.1-23.74-13.69-19.67-11.42-39.35-22.83-58.96-34.33-3.8-2.23-6.08-2.41-8.48,2.24-4.56,8.84-10.03,17.2-15.01,25.83-4.7,8.14-9.25,16.37-14.06,24.9,9.76,5.79,18.97,11.24,28.48,16.88-2.94,5.03-5.49,9.39-8.22,14.05-9.81-5.55-19.12-10.81-28.71-16.23-2.78,4.68-5.15,8.66-7.52,12.64-1.33,2.25-1.06,3.95,1.41,5.32,3.86,2.15,7.6,4.52,11.64,6.94-2.07,3.67-4.04,6.93-5.77,10.3-1.6,3.12-3.69,3.38-6.49,1.72-3.51-2.08-7.07-4.06-10.92-6.27-2.18,3.59-3.99,6.54-5.77,9.5q-3.95,6.57,2.83,10.48c6.33,3.65,12.75,7.16,18.93,11.06,1.15.72,2.24,3.29,1.81,4.41-1.12,2.87-3.24,5.33-4.7,8.09-1.51,2.85-3.12,3.21-5.92,1.49-6.94-4.25-14.1-8.13-21.08-12.31-2.96-1.78-4.75-1.27-6.34,1.79-1.91,3.68-3.98,7.31-6.33,10.72-2.07,3.01-1.79,4.93.99,7.53,11.75,10.93,24.97,19.18,40.41,23.79,15.91,4.74,30.84,11.37,43.18,22.89,1.91,1.78,3.97,3.4,6.63,5.65Z\"><\/path><path d=\"M456.41,126.81c12.67,14.68,22.49,29.18,30.26,45.03,6.48,13.22,11.09,26.94,10.94,41.95-.23,23.26-17.33,40.47-40.33,40.39-23.71-.07-40.5-16.79-40.78-40.32-.24-19.89,7.28-37.31,17.28-53.76,6.79-11.15,14.65-21.65,22.61-33.3Z\"><\/path><\/g><\/svg>                        <\/div>\n                    \n                    <\/div>\n                <\/li>\n                    <\/ul>\n\t\t\t\t<\/div>\n\t\t\t\t<\/div>\n\t\t\t\t<div class=\"elementor-element elementor-element-29206bc elementor-widget elementor-widget-heading\" data-id=\"29206bc\" data-element_type=\"widget\" data-e-type=\"widget\" data-widget_type=\"heading.default\">\n\t\t\t\t<div class=\"elementor-widget-container\">\n\t\t\t\t\t<p class=\"elementor-heading-title elementor-size-default\"><a href=\"\/en\/vaccination\/\">Vaccination<\/a><\/p>\t\t\t\t<\/div>\n\t\t\t\t<\/div>\n\t\t\t\t<div class=\"elementor-element elementor-element-a53e575 elementor-widget elementor-widget-heading\" data-id=\"a53e575\" data-element_type=\"widget\" data-e-type=\"widget\" data-widget_type=\"heading.default\">\n\t\t\t\t<div class=\"elementor-widget-container\">\n\t\t\t\t\t<p class=\"elementor-heading-title elementor-size-default\"><a href=\"\/en\/blood-test\/\">Blood test\n<\/a><\/p>\t\t\t\t<\/div>\n\t\t\t\t<\/div>\n\t\t\t\t<div class=\"elementor-element elementor-element-d9201a3 elementor-widget elementor-widget-heading\" data-id=\"d9201a3\" data-element_type=\"widget\" data-e-type=\"widget\" data-widget_type=\"heading.default\">\n\t\t\t\t<div class=\"elementor-widget-container\">\n\t\t\t\t\t<p class=\"elementor-heading-title elementor-size-default\"><a href=\"\/en\/sample-collection\/\">Sample collection<\/a><\/p>\t\t\t\t<\/div>\n\t\t\t\t<\/div>\n\t\t\t\t<div class=\"elementor-element elementor-element-c72a8a2 elementor-widget elementor-widget-heading\" data-id=\"c72a8a2\" data-element_type=\"widget\" data-e-type=\"widget\" data-widget_type=\"heading.default\">\n\t\t\t\t<div class=\"elementor-widget-container\">\n\t\t\t\t\t<p class=\"elementor-heading-title elementor-size-default\"><a href=\"\/en\/diagnostic-examination\/\">Diagnostic examination\n<\/a><\/p>\t\t\t\t<\/div>\n\t\t\t\t<\/div>\n\t\t\t\t<\/div>\n\t\t\t\t\t<\/div>\n\t\t\t\t<\/div>\n\t\t\t\t\t<\/div>\n\t\t\t\t<\/div>\n\t\t\t\t<\/div>\n\t\t","protected":false},"excerpt":{"rendered":"<p>Services offered Tests, exams, and vaccinations Tests, exams, and vaccinations Vaccination Blood test Sample collection Diagnostic examination<\/p>\n","protected":false},"author":6,"featured_media":9037,"parent":0,"menu_order":0,"comment_status":"closed","ping_status":"closed","template":"","meta":{"_eb_attr":"","footnotes":""},"class_list":["post-11703","page","type-page","status-publish","has-post-thumbnail","hentry"],"yoast_head":"<!-- This site is optimized with the Yoast SEO plugin v27.4 - https:\/\/yoast.com\/product\/yoast-seo-wordpress\/ -->\n<title>Tests, screenings, and vaccinations | Praxis Clinic - Private family health clinic<\/title>\n<meta name=\"description\" content=\"Quick medical tests and samples at Clinique Praxis. Benefit from comprehensive and accessible services with no annual fees for effective health monitoring.\" \/>\n<meta name=\"robots\" content=\"index, follow, max-snippet:-1, max-image-preview:large, max-video-preview:-1, noarchive\" \/>\n<link rel=\"canonical\" href=\"https:\/\/cliniquepraxis.ca\/en\/tests-and-examinations\/\" \/>\n<meta property=\"og:locale\" content=\"en_US\" \/>\n<meta property=\"og:type\" content=\"article\" \/>\n<meta property=\"og:title\" content=\"Tests, screenings, and vaccinations | Praxis Clinic - Private family health clinic\" \/>\n<meta property=\"og:description\" content=\"Quick medical tests and samples at Clinique Praxis. Benefit from comprehensive and accessible services with no annual fees for effective health monitoring.\" \/>\n<meta property=\"og:url\" content=\"https:\/\/cliniquepraxis.ca\/en\/tests-and-examinations\/\" \/>\n<meta property=\"og:site_name\" content=\"Praxis\" \/>\n<meta property=\"article:publisher\" content=\"https:\/\/www.facebook.com\/praxis.clinique\/\" \/>\n<meta property=\"article:modified_time\" content=\"2025-05-29T20:14:48+00:00\" \/>\n<meta property=\"og:image\" content=\"https:\/\/cliniquepraxis.ca\/wp-content\/uploads\/2024\/12\/P1011346-scaled.avif\" \/>\n\t<meta property=\"og:image:width\" content=\"2560\" \/>\n\t<meta property=\"og:image:height\" content=\"1051\" \/>\n\t<meta property=\"og:image:type\" content=\"image\/jpeg\" \/>\n<meta name=\"twitter:card\" content=\"summary_large_image\" \/>\n<meta name=\"twitter:label1\" content=\"Est. reading time\" \/>\n\t<meta name=\"twitter:data1\" content=\"1 minute\" \/>\n<!-- \/ Yoast SEO plugin. -->","yoast_head_json":{"title":"Tests, screenings, and vaccinations | Praxis Clinic - Private family health clinic","description":"Quick medical tests and samples at Clinique Praxis. Benefit from comprehensive and accessible services with no annual fees for effective health monitoring.","robots":{"index":"index","follow":"follow","max-snippet":"max-snippet:-1","max-image-preview":"max-image-preview:large","max-video-preview":"max-video-preview:-1","archive":"noarchive"},"canonical":"https:\/\/cliniquepraxis.ca\/en\/tests-and-examinations\/","og_locale":"en_US","og_type":"article","og_title":"Tests, screenings, and vaccinations | Praxis Clinic - Private family health clinic","og_description":"Quick medical tests and samples at Clinique Praxis. Benefit from comprehensive and accessible services with no annual fees for effective health monitoring.","og_url":"https:\/\/cliniquepraxis.ca\/en\/tests-and-examinations\/","og_site_name":"Praxis","article_publisher":"https:\/\/www.facebook.com\/praxis.clinique\/","article_modified_time":"2025-05-29T20:14:48+00:00","og_image":[{"width":2560,"height":1051,"url":"https:\/\/cliniquepraxis.ca\/wp-content\/uploads\/2024\/12\/P1011346-scaled.avif","type":"image\/jpeg"}],"twitter_card":"summary_large_image","twitter_misc":{"Est. reading time":"1 minute"},"schema":{"@context":"https:\/\/schema.org","@graph":[{"@type":"WebPage","@id":"https:\/\/cliniquepraxis.ca\/en\/tests-and-examinations\/","url":"https:\/\/cliniquepraxis.ca\/en\/tests-and-examinations\/","name":"Tests, screenings, and vaccinations | Praxis Clinic - Private family health clinic","isPartOf":{"@id":"https:\/\/cliniquepraxis.ca\/en\/#website"},"primaryImageOfPage":{"@id":"https:\/\/cliniquepraxis.ca\/en\/tests-and-examinations\/#primaryimage"},"image":{"@id":"https:\/\/cliniquepraxis.ca\/en\/tests-and-examinations\/#primaryimage"},"thumbnailUrl":"https:\/\/cliniquepraxis.ca\/wp-content\/uploads\/2024\/12\/P1011346-scaled.avif","datePublished":"2024-09-27T14:22:40+00:00","dateModified":"2025-05-29T20:14:48+00:00","description":"Quick medical tests and samples at Clinique Praxis. Benefit from comprehensive and accessible services with no annual fees for effective health monitoring.","breadcrumb":{"@id":"https:\/\/cliniquepraxis.ca\/en\/tests-and-examinations\/#breadcrumb"},"inLanguage":"en-US","potentialAction":[{"@type":"ReadAction","target":["https:\/\/cliniquepraxis.ca\/en\/tests-and-examinations\/"]}]},{"@type":"ImageObject","inLanguage":"en-US","@id":"https:\/\/cliniquepraxis.ca\/en\/tests-and-examinations\/#primaryimage","url":"https:\/\/cliniquepraxis.ca\/wp-content\/uploads\/2024\/12\/P1011346-scaled.avif","contentUrl":"https:\/\/cliniquepraxis.ca\/wp-content\/uploads\/2024\/12\/P1011346-scaled.avif","width":2560,"height":1051},{"@type":"BreadcrumbList","@id":"https:\/\/cliniquepraxis.ca\/en\/tests-and-examinations\/#breadcrumb","itemListElement":[{"@type":"ListItem","position":1,"name":"Accueil","item":"https:\/\/cliniquepraxis.ca\/en\/"},{"@type":"ListItem","position":2,"name":"Tests, screenings, and vaccinations"}]},{"@type":"WebSite","@id":"https:\/\/cliniquepraxis.ca\/en\/#website","url":"https:\/\/cliniquepraxis.ca\/en\/","name":"Clinique priv\u00e9e PRAXIS","description":"Clinique de sant\u00e9 familiale priv\u00e9e","publisher":{"@id":"https:\/\/cliniquepraxis.ca\/en\/#organization"},"potentialAction":[{"@type":"SearchAction","target":{"@type":"EntryPoint","urlTemplate":"https:\/\/cliniquepraxis.ca\/en\/?s={search_term_string}"},"query-input":{"@type":"PropertyValueSpecification","valueRequired":true,"valueName":"search_term_string"}}],"inLanguage":"en-US"},{"@type":"Organization","@id":"https:\/\/cliniquepraxis.ca\/en\/#organization","name":"Clinique priv\u00e9e PRAXIS","url":"https:\/\/cliniquepraxis.ca\/en\/","logo":{"@type":"ImageObject","inLanguage":"en-US","@id":"https:\/\/cliniquepraxis.ca\/en\/#\/schema\/logo\/image\/","url":"https:\/\/cliniquepraxis.ca\/wp-content\/uploads\/2024\/11\/Icon_Clinique_2-png.avif","contentUrl":"https:\/\/cliniquepraxis.ca\/wp-content\/uploads\/2024\/11\/Icon_Clinique_2-png.avif","width":1080,"height":1080,"caption":"Clinique priv\u00e9e PRAXIS"},"image":{"@id":"https:\/\/cliniquepraxis.ca\/en\/#\/schema\/logo\/image\/"},"sameAs":["https:\/\/www.facebook.com\/praxis.clinique\/","https:\/\/www.instagram.com\/praxis_clinique\/","https:\/\/www.linkedin.com\/company\/praxis-cliniquedesantefamiliale\/"]}]}},"_links":{"self":[{"href":"https:\/\/cliniquepraxis.ca\/en\/wp-json\/wp\/v2\/pages\/11703","targetHints":{"allow":["GET"]}}],"collection":[{"href":"https:\/\/cliniquepraxis.ca\/en\/wp-json\/wp\/v2\/pages"}],"about":[{"href":"https:\/\/cliniquepraxis.ca\/en\/wp-json\/wp\/v2\/types\/page"}],"author":[{"embeddable":true,"href":"https:\/\/cliniquepraxis.ca\/en\/wp-json\/wp\/v2\/users\/6"}],"replies":[{"embeddable":true,"href":"https:\/\/cliniquepraxis.ca\/en\/wp-json\/wp\/v2\/comments?post=11703"}],"version-history":[{"count":0,"href":"https:\/\/cliniquepraxis.ca\/en\/wp-json\/wp\/v2\/pages\/11703\/revisions"}],"wp:featuredmedia":[{"embeddable":true,"href":"https:\/\/cliniquepraxis.ca\/en\/wp-json\/wp\/v2\/media\/9037"}],"wp:attachment":[{"href":"https:\/\/cliniquepraxis.ca\/en\/wp-json\/wp\/v2\/media?parent=11703"}],"curies":[{"name":"wp","href":"https:\/\/api.w.org\/{rel}","templated":true}]}}