{"id":11797,"date":"2024-09-27T09:58:57","date_gmt":"2024-09-27T13:58:57","guid":{"rendered":"https:\/\/cliniquepraxis.ca\/urgence-mineure\/"},"modified":"2026-03-17T09:40:13","modified_gmt":"2026-03-17T13:40:13","slug":"minor-emergency","status":"publish","type":"page","link":"https:\/\/cliniquepraxis.ca\/en\/minor-emergency\/","title":{"rendered":"Minor emergency"},"content":{"rendered":"\t\t<div data-elementor-type=\"wp-page\" data-elementor-id=\"11797\" class=\"elementor elementor-11797 elementor-3743\" data-elementor-settings=\"{&quot;element_pack_global_tooltip_width&quot;:{&quot;unit&quot;:&quot;px&quot;,&quot;size&quot;:&quot;&quot;,&quot;sizes&quot;:[]},&quot;element_pack_global_tooltip_width_tablet&quot;:{&quot;unit&quot;:&quot;px&quot;,&quot;size&quot;:&quot;&quot;,&quot;sizes&quot;:[]},&quot;element_pack_global_tooltip_width_mobile&quot;:{&quot;unit&quot;:&quot;px&quot;,&quot;size&quot;:&quot;&quot;,&quot;sizes&quot;:[]},&quot;element_pack_global_tooltip_padding&quot;:{&quot;unit&quot;:&quot;px&quot;,&quot;top&quot;:&quot;&quot;,&quot;right&quot;:&quot;&quot;,&quot;bottom&quot;:&quot;&quot;,&quot;left&quot;:&quot;&quot;,&quot;isLinked&quot;:true},&quot;element_pack_global_tooltip_padding_tablet&quot;:{&quot;unit&quot;:&quot;px&quot;,&quot;top&quot;:&quot;&quot;,&quot;right&quot;:&quot;&quot;,&quot;bottom&quot;:&quot;&quot;,&quot;left&quot;:&quot;&quot;,&quot;isLinked&quot;:true},&quot;element_pack_global_tooltip_padding_mobile&quot;:{&quot;unit&quot;:&quot;px&quot;,&quot;top&quot;:&quot;&quot;,&quot;right&quot;:&quot;&quot;,&quot;bottom&quot;:&quot;&quot;,&quot;left&quot;:&quot;&quot;,&quot;isLinked&quot;:true},&quot;element_pack_global_tooltip_border_radius&quot;:{&quot;unit&quot;:&quot;px&quot;,&quot;top&quot;:&quot;&quot;,&quot;right&quot;:&quot;&quot;,&quot;bottom&quot;:&quot;&quot;,&quot;left&quot;:&quot;&quot;,&quot;isLinked&quot;:true},&quot;element_pack_global_tooltip_border_radius_tablet&quot;:{&quot;unit&quot;:&quot;px&quot;,&quot;top&quot;:&quot;&quot;,&quot;right&quot;:&quot;&quot;,&quot;bottom&quot;:&quot;&quot;,&quot;left&quot;:&quot;&quot;,&quot;isLinked&quot;:true},&quot;element_pack_global_tooltip_border_radius_mobile&quot;:{&quot;unit&quot;:&quot;px&quot;,&quot;top&quot;:&quot;&quot;,&quot;right&quot;:&quot;&quot;,&quot;bottom&quot;:&quot;&quot;,&quot;left&quot;:&quot;&quot;,&quot;isLinked&quot;:true}}\" data-elementor-post-type=\"page\">\n\t\t\t\t<div class=\"elementor-element elementor-element-6732d712 links-custom-color e-flex e-con-boxed e-con e-parent\" data-id=\"6732d712\" data-element_type=\"container\" data-e-type=\"container\" id=\"services\" data-settings=\"{&quot;uicore_onscroll_effect&quot;:&quot;sticky-scale-blur&quot;}\">\n\t\t\t\t\t<div class=\"e-con-inner\">\n\t\t<div class=\"elementor-element elementor-element-124594a6 e-flex e-con-boxed elementor-invisible e-con e-child\" data-id=\"124594a6\" data-element_type=\"container\" data-e-type=\"container\" data-settings=\"{&quot;background_background&quot;:&quot;classic&quot;,&quot;animation&quot;:&quot;fadeInUp&quot;,&quot;animation_delay&quot;:&quot;160&quot;}\">\n\t\t\t\t\t<div class=\"e-con-inner\">\n\t\t<div class=\"elementor-element elementor-element-9e0e153 e-con-full e-flex e-con e-child\" data-id=\"9e0e153\" data-element_type=\"container\" data-e-type=\"container\">\n\t\t\t\t<div class=\"elementor-element elementor-element-f92fb2f elementor-widget elementor-widget-heading\" data-id=\"f92fb2f\" data-element_type=\"widget\" data-e-type=\"widget\" data-widget_type=\"heading.default\">\n\t\t\t\t<div class=\"elementor-widget-container\">\n\t\t\t\t\t<h6 class=\"elementor-heading-title elementor-size-default\">Soins offerts <\/h6>\t\t\t\t<\/div>\n\t\t\t\t<\/div>\n\t\t\t\t<div class=\"elementor-element elementor-element-cd3fcf5 elementor-widget__width-inherit elementor-widget elementor-widget-heading\" data-id=\"cd3fcf5\" data-element_type=\"widget\" data-e-type=\"widget\" data-widget_type=\"heading.default\">\n\t\t\t\t<div class=\"elementor-widget-container\">\n\t\t\t\t\t<h2 class=\"elementor-heading-title elementor-size-default\">Urgences mineures<\/h2>\t\t\t\t<\/div>\n\t\t\t\t<\/div>\n\t\t\t\t<div class=\"elementor-element elementor-element-73c8cf4 elementor-widget__width-inherit ui-e-icon-left ui-e-left elementor-align-left elementor-widget elementor-widget-uicore-icon-list\" data-id=\"73c8cf4\" data-element_type=\"widget\" data-e-type=\"widget\" data-widget_type=\"uicore-icon-list.default\">\n\t\t\t\t<div class=\"elementor-widget-container\">\n\t\t\t\t\t        <ul>\n                            <li >\n\n                    <div class=\"ui-e-wrap\">\n                    \n                    \n                    <div class=\"ui-e-content\">\n                        <span class=\"ui-e-title\">\n                            Urgences mineures                        <\/span>\n                        <p class=\"ui-e-text\">  <\/p>\n                    <\/div>\n\n                                            <div class=\"ui-e-icon\">\n                            <i aria-hidden=\"true\" class=\"fas fa-notes-medical\"><\/i>                        <\/div>\n                    \n                    <\/div>\n                <\/li>\n                    <\/ul>\n\t\t\t\t<\/div>\n\t\t\t\t<\/div>\n\t\t\t\t<div class=\"elementor-element elementor-element-4158679 elementor-widget elementor-widget-heading\" data-id=\"4158679\" data-element_type=\"widget\" data-e-type=\"widget\" data-widget_type=\"heading.default\">\n\t\t\t\t<div class=\"elementor-widget-container\">\n\t\t\t\t\t<p class=\"elementor-heading-title elementor-size-default\"><a href=\"https:\/\/cliniquepraxis.ca\/en\/flu-symptoms\/\">Sympt\u00f4mes grippaux<\/a><\/p>\t\t\t\t<\/div>\n\t\t\t\t<\/div>\n\t\t\t\t<div class=\"elementor-element elementor-element-a572af4 elementor-widget elementor-widget-heading\" data-id=\"a572af4\" data-element_type=\"widget\" data-e-type=\"widget\" data-widget_type=\"heading.default\">\n\t\t\t\t<div class=\"elementor-widget-container\">\n\t\t\t\t\t<p class=\"elementor-heading-title elementor-size-default\"><a href=\"https:\/\/cliniquepraxis.ca\/en\/ent-issues-ear-nose-and-throat\/\">Probl\u00e8mes ORL (Oreille, nez et gorge)<\/a><\/p>\t\t\t\t<\/div>\n\t\t\t\t<\/div>\n\t\t\t\t<div class=\"elementor-element elementor-element-e2a0320 elementor-widget elementor-widget-heading\" data-id=\"e2a0320\" data-element_type=\"widget\" data-e-type=\"widget\" data-widget_type=\"heading.default\">\n\t\t\t\t<div class=\"elementor-widget-container\">\n\t\t\t\t\t<p class=\"elementor-heading-title elementor-size-default\"><a href=\"https:\/\/cliniquepraxis.ca\/en\/dermatological-problems-skin\/\">Dermatologie<\/a><\/p>\t\t\t\t<\/div>\n\t\t\t\t<\/div>\n\t\t\t\t<div class=\"elementor-element elementor-element-8908399 elementor-widget elementor-widget-heading\" data-id=\"8908399\" data-element_type=\"widget\" data-e-type=\"widget\" data-widget_type=\"heading.default\">\n\t\t\t\t<div class=\"elementor-widget-container\">\n\t\t\t\t\t<p class=\"elementor-heading-title elementor-size-default\"><a href=\"https:\/\/cliniquepraxis.ca\/en\/?page_id=11587\">Probl\u00e8mes yeux (Rougeur, douleur et \u00e9coulement)<\/a><\/p>\t\t\t\t<\/div>\n\t\t\t\t<\/div>\n\t\t\t\t<div class=\"elementor-element elementor-element-ea3baf0 elementor-widget elementor-widget-heading\" data-id=\"ea3baf0\" data-element_type=\"widget\" data-e-type=\"widget\" data-widget_type=\"heading.default\">\n\t\t\t\t<div class=\"elementor-widget-container\">\n\t\t\t\t\t<p class=\"elementor-heading-title elementor-size-default\"><a href=\"https:\/\/cliniquepraxis.ca\/en\/sprain-and-fracture\/\">Entorse et fracture<\/a><\/p>\t\t\t\t<\/div>\n\t\t\t\t<\/div>\n\t\t\t\t<div class=\"elementor-element elementor-element-82b50bc elementor-widget elementor-widget-heading\" data-id=\"82b50bc\" data-element_type=\"widget\" data-e-type=\"widget\" data-widget_type=\"heading.default\">\n\t\t\t\t<div class=\"elementor-widget-container\">\n\t\t\t\t\t<p class=\"elementor-heading-title elementor-size-default\"><a href=\"https:\/\/cliniquepraxis.ca\/en\/burns-and-cuts\/\">Br\u00fblures et coupures<\/a><\/p>\t\t\t\t<\/div>\n\t\t\t\t<\/div>\n\t\t\t\t<div class=\"elementor-element elementor-element-b338a5b elementor-widget elementor-widget-heading\" data-id=\"b338a5b\" data-element_type=\"widget\" data-e-type=\"widget\" data-widget_type=\"heading.default\">\n\t\t\t\t<div class=\"elementor-widget-container\">\n\t\t\t\t\t<p class=\"elementor-heading-title elementor-size-default\"><a href=\"https:\/\/cliniquepraxis.ca\/en\/insect-bites\/\">Piq\u00fbres d'insectes<\/a><\/p>\t\t\t\t<\/div>\n\t\t\t\t<\/div>\n\t\t\t\t<div class=\"elementor-element elementor-element-1c7b5c5 elementor-widget elementor-widget-heading\" data-id=\"1c7b5c5\" data-element_type=\"widget\" data-e-type=\"widget\" data-widget_type=\"heading.default\">\n\t\t\t\t<div class=\"elementor-widget-container\">\n\t\t\t\t\t<p class=\"elementor-heading-title elementor-size-default\"><a href=\"https:\/\/cliniquepraxis.ca\/en\/sleep-apnea\/\">Apn\u00e9e du sommeil<\/a><\/p>\t\t\t\t<\/div>\n\t\t\t\t<\/div>\n\t\t\t\t<div class=\"elementor-element elementor-element-22c10ae elementor-widget elementor-widget-heading\" data-id=\"22c10ae\" data-element_type=\"widget\" data-e-type=\"widget\" data-widget_type=\"heading.default\">\n\t\t\t\t<div class=\"elementor-widget-container\">\n\t\t\t\t\t<p class=\"elementor-heading-title elementor-size-default\"><a href=\"https:\/\/cliniquepraxis.ca\/en\/treatment-of-skin-tags-and-warts\/\">Traitement des acrochordons et verrues<\/a><\/p>\t\t\t\t<\/div>\n\t\t\t\t<\/div>\n\t\t\t\t<div class=\"elementor-element elementor-element-5b7c8d0 elementor-widget elementor-widget-heading\" data-id=\"5b7c8d0\" data-element_type=\"widget\" data-e-type=\"widget\" data-widget_type=\"heading.default\">\n\t\t\t\t<div class=\"elementor-widget-container\">\n\t\t\t\t\t<p class=\"elementor-heading-title elementor-size-default\"><a href=\"https:\/\/cliniquepraxis.ca\/en\/eruptive-illnesses-chickenpox-measles\/\">Maladies \u00e9ruptives (Varicelle, rougeole, etc.)<\/a><\/p>\t\t\t\t<\/div>\n\t\t\t\t<\/div>\n\t\t\t\t<div class=\"elementor-element elementor-element-07f9e4f elementor-widget elementor-widget-heading\" data-id=\"07f9e4f\" data-element_type=\"widget\" data-e-type=\"widget\" data-widget_type=\"heading.default\">\n\t\t\t\t<div class=\"elementor-widget-container\">\n\t\t\t\t\t<p class=\"elementor-heading-title elementor-size-default\"><a href=\"https:\/\/cliniquepraxis.ca\/en\/issues-related-to-heat-and-sun-exposure\/\">Probl\u00e8mes li\u00e9es \u00e0 la chaleur et l'exposition au soleil<\/a><\/p>\t\t\t\t<\/div>\n\t\t\t\t<\/div>\n\t\t\t\t<div class=\"elementor-element elementor-element-c1097f3 elementor-widget elementor-widget-heading\" data-id=\"c1097f3\" data-element_type=\"widget\" data-e-type=\"widget\" data-widget_type=\"heading.default\">\n\t\t\t\t<div class=\"elementor-widget-container\">\n\t\t\t\t\t<p class=\"elementor-heading-title elementor-size-default\"><a href=\"https:\/\/cliniquepraxis.ca\/en\/urinary-and-vaginal-infection\/\">Infection urinaire et vaginale<\/a><\/p>\t\t\t\t<\/div>\n\t\t\t\t<\/div>\n\t\t\t\t<div class=\"elementor-element elementor-element-2cead3d elementor-widget elementor-widget-heading\" data-id=\"2cead3d\" data-element_type=\"widget\" data-e-type=\"widget\" data-widget_type=\"heading.default\">\n\t\t\t\t<div class=\"elementor-widget-container\">\n\t\t\t\t\t<p class=\"elementor-heading-title elementor-size-default\"><a href=\"https:\/\/cliniquepraxis.ca\/en\/muscle-and-joint-pain\/\">Douleur musculaire et articulaire<\/a><\/p>\t\t\t\t<\/div>\n\t\t\t\t<\/div>\n\t\t\t\t<\/div>\n\t\t\t\t\t<\/div>\n\t\t\t\t<\/div>\n\t\t\t\t\t<\/div>\n\t\t\t\t<\/div>\n\t\t\t\t<\/div>\n\t\t","protected":false},"excerpt":{"rendered":"<p>Soins offerts Urgences mineures Urgences mineures Sympt\u00f4mes grippaux Probl\u00e8mes ORL (Oreille, nez et gorge) Dermatologie Probl\u00e8mes yeux (Rougeur, douleur et \u00e9coulement) Entorse [&hellip;]<\/p>\n","protected":false},"author":6,"featured_media":9037,"parent":0,"menu_order":0,"comment_status":"closed","ping_status":"closed","template":"","meta":{"_eb_attr":"","footnotes":""},"class_list":["post-11797","page","type-page","status-publish","has-post-thumbnail","hentry"],"yoast_head":"<!-- This site is optimized with the Yoast SEO plugin v27.4 - https:\/\/yoast.com\/product\/yoast-seo-wordpress\/ -->\n<title>Minor emergency | Praxis Clinic - Private family health clinic<\/title>\n<meta name=\"description\" content=\"Get quick access to care for minor emergencies at Praxis Clinic . With no annual fees, benefit from effective and tailored medical attention.\" \/>\n<meta name=\"robots\" content=\"index, follow, max-snippet:-1, max-image-preview:large, max-video-preview:-1, noarchive\" \/>\n<link rel=\"canonical\" href=\"https:\/\/cliniquepraxis.ca\/en\/minor-emergency\/\" \/>\n<meta property=\"og:locale\" content=\"en_US\" \/>\n<meta property=\"og:type\" content=\"article\" \/>\n<meta property=\"og:title\" content=\"Minor emergency | Praxis Clinic - Private family health clinic\" \/>\n<meta property=\"og:description\" content=\"Get quick access to care for minor emergencies at Praxis Clinic . With no annual fees, benefit from effective and tailored medical attention.\" \/>\n<meta property=\"og:url\" content=\"https:\/\/cliniquepraxis.ca\/en\/minor-emergency\/\" \/>\n<meta property=\"og:site_name\" content=\"Praxis\" \/>\n<meta property=\"article:publisher\" content=\"https:\/\/www.facebook.com\/praxis.clinique\/\" \/>\n<meta property=\"article:modified_time\" content=\"2026-03-17T13:40:13+00:00\" \/>\n<meta property=\"og:image\" content=\"https:\/\/cliniquepraxis.ca\/wp-content\/uploads\/2024\/12\/P1011346-scaled.avif\" \/>\n\t<meta property=\"og:image:width\" content=\"2560\" \/>\n\t<meta property=\"og:image:height\" content=\"1051\" \/>\n\t<meta property=\"og:image:type\" content=\"image\/jpeg\" \/>\n<meta name=\"twitter:card\" content=\"summary_large_image\" \/>\n<meta name=\"twitter:label1\" content=\"Est. reading time\" \/>\n\t<meta name=\"twitter:data1\" content=\"1 minute\" \/>\n<!-- \/ Yoast SEO plugin. -->","yoast_head_json":{"title":"Minor emergency | Praxis Clinic - Private family health clinic","description":"Get quick access to care for minor emergencies at Praxis Clinic . With no annual fees, benefit from effective and tailored medical attention.","robots":{"index":"index","follow":"follow","max-snippet":"max-snippet:-1","max-image-preview":"max-image-preview:large","max-video-preview":"max-video-preview:-1","archive":"noarchive"},"canonical":"https:\/\/cliniquepraxis.ca\/en\/minor-emergency\/","og_locale":"en_US","og_type":"article","og_title":"Minor emergency | Praxis Clinic - Private family health clinic","og_description":"Get quick access to care for minor emergencies at Praxis Clinic . With no annual fees, benefit from effective and tailored medical attention.","og_url":"https:\/\/cliniquepraxis.ca\/en\/minor-emergency\/","og_site_name":"Praxis","article_publisher":"https:\/\/www.facebook.com\/praxis.clinique\/","article_modified_time":"2026-03-17T13:40:13+00:00","og_image":[{"width":2560,"height":1051,"url":"https:\/\/cliniquepraxis.ca\/wp-content\/uploads\/2024\/12\/P1011346-scaled.avif","type":"image\/jpeg"}],"twitter_card":"summary_large_image","twitter_misc":{"Est. reading time":"1 minute"},"schema":{"@context":"https:\/\/schema.org","@graph":[{"@type":"WebPage","@id":"https:\/\/cliniquepraxis.ca\/en\/minor-emergency\/","url":"https:\/\/cliniquepraxis.ca\/en\/minor-emergency\/","name":"Minor emergency | Praxis Clinic - Private family health clinic","isPartOf":{"@id":"https:\/\/cliniquepraxis.ca\/en\/#website"},"primaryImageOfPage":{"@id":"https:\/\/cliniquepraxis.ca\/en\/minor-emergency\/#primaryimage"},"image":{"@id":"https:\/\/cliniquepraxis.ca\/en\/minor-emergency\/#primaryimage"},"thumbnailUrl":"https:\/\/cliniquepraxis.ca\/wp-content\/uploads\/2024\/12\/P1011346-scaled.avif","datePublished":"2024-09-27T13:58:57+00:00","dateModified":"2026-03-17T13:40:13+00:00","description":"Get quick access to care for minor emergencies at Praxis Clinic . With no annual fees, benefit from effective and tailored medical attention.","breadcrumb":{"@id":"https:\/\/cliniquepraxis.ca\/en\/minor-emergency\/#breadcrumb"},"inLanguage":"en-US","potentialAction":[{"@type":"ReadAction","target":["https:\/\/cliniquepraxis.ca\/en\/minor-emergency\/"]}]},{"@type":"ImageObject","inLanguage":"en-US","@id":"https:\/\/cliniquepraxis.ca\/en\/minor-emergency\/#primaryimage","url":"https:\/\/cliniquepraxis.ca\/wp-content\/uploads\/2024\/12\/P1011346-scaled.avif","contentUrl":"https:\/\/cliniquepraxis.ca\/wp-content\/uploads\/2024\/12\/P1011346-scaled.avif","width":2560,"height":1051},{"@type":"BreadcrumbList","@id":"https:\/\/cliniquepraxis.ca\/en\/minor-emergency\/#breadcrumb","itemListElement":[{"@type":"ListItem","position":1,"name":"Accueil","item":"https:\/\/cliniquepraxis.ca\/en\/"},{"@type":"ListItem","position":2,"name":"Minor emergency"}]},{"@type":"WebSite","@id":"https:\/\/cliniquepraxis.ca\/en\/#website","url":"https:\/\/cliniquepraxis.ca\/en\/","name":"Clinique priv\u00e9e PRAXIS","description":"Clinique de sant\u00e9 familiale priv\u00e9e","publisher":{"@id":"https:\/\/cliniquepraxis.ca\/en\/#organization"},"potentialAction":[{"@type":"SearchAction","target":{"@type":"EntryPoint","urlTemplate":"https:\/\/cliniquepraxis.ca\/en\/?s={search_term_string}"},"query-input":{"@type":"PropertyValueSpecification","valueRequired":true,"valueName":"search_term_string"}}],"inLanguage":"en-US"},{"@type":"Organization","@id":"https:\/\/cliniquepraxis.ca\/en\/#organization","name":"Clinique priv\u00e9e PRAXIS","url":"https:\/\/cliniquepraxis.ca\/en\/","logo":{"@type":"ImageObject","inLanguage":"en-US","@id":"https:\/\/cliniquepraxis.ca\/en\/#\/schema\/logo\/image\/","url":"https:\/\/cliniquepraxis.ca\/wp-content\/uploads\/2024\/11\/Icon_Clinique_2-png.avif","contentUrl":"https:\/\/cliniquepraxis.ca\/wp-content\/uploads\/2024\/11\/Icon_Clinique_2-png.avif","width":1080,"height":1080,"caption":"Clinique priv\u00e9e PRAXIS"},"image":{"@id":"https:\/\/cliniquepraxis.ca\/en\/#\/schema\/logo\/image\/"},"sameAs":["https:\/\/www.facebook.com\/praxis.clinique\/","https:\/\/www.instagram.com\/praxis_clinique\/","https:\/\/www.linkedin.com\/company\/praxis-cliniquedesantefamiliale\/"]}]}},"_links":{"self":[{"href":"https:\/\/cliniquepraxis.ca\/en\/wp-json\/wp\/v2\/pages\/11797","targetHints":{"allow":["GET"]}}],"collection":[{"href":"https:\/\/cliniquepraxis.ca\/en\/wp-json\/wp\/v2\/pages"}],"about":[{"href":"https:\/\/cliniquepraxis.ca\/en\/wp-json\/wp\/v2\/types\/page"}],"author":[{"embeddable":true,"href":"https:\/\/cliniquepraxis.ca\/en\/wp-json\/wp\/v2\/users\/6"}],"replies":[{"embeddable":true,"href":"https:\/\/cliniquepraxis.ca\/en\/wp-json\/wp\/v2\/comments?post=11797"}],"version-history":[{"count":2,"href":"https:\/\/cliniquepraxis.ca\/en\/wp-json\/wp\/v2\/pages\/11797\/revisions"}],"predecessor-version":[{"id":15807,"href":"https:\/\/cliniquepraxis.ca\/en\/wp-json\/wp\/v2\/pages\/11797\/revisions\/15807"}],"wp:featuredmedia":[{"embeddable":true,"href":"https:\/\/cliniquepraxis.ca\/en\/wp-json\/wp\/v2\/media\/9037"}],"wp:attachment":[{"href":"https:\/\/cliniquepraxis.ca\/en\/wp-json\/wp\/v2\/media?parent=11797"}],"curies":[{"name":"wp","href":"https:\/\/api.w.org\/{rel}","templated":true}]}}